{"id":4303,"date":"2025-08-06T08:00:47","date_gmt":"2025-08-06T06:00:47","guid":{"rendered":"https:\/\/qa.the-loge.com\/data-privacy\/"},"modified":"2026-01-05T10:03:19","modified_gmt":"2026-01-05T09:03:19","slug":"data-privacy","status":"publish","type":"page","link":"https:\/\/qa.the-loge.com\/it\/data-privacy\/","title":{"rendered":"PRIVACY DEI DATI"},"content":{"rendered":"\t\t<div data-elementor-type=\"wp-page\" data-elementor-id=\"4303\" class=\"elementor elementor-4303 elementor-3\" data-elementor-post-type=\"page\">\n\t\t\t\t\t\t<section class=\"elementor-section elementor-top-section elementor-element elementor-element-vvoj3rw elementor-section-full_width elementor-section-stretched elementor-section-height-default elementor-section-height-default\" data-id=\"vvoj3rw\" data-element_type=\"section\" data-settings=\"{&quot;background_background&quot;:&quot;classic&quot;,&quot;stretch_section&quot;:&quot;section-stretched&quot;}\">\n\t\t\t\t\t\t<div class=\"elementor-container elementor-column-gap-no\">\n\t\t\t\t\t<div class=\"elementor-column elementor-col-100 elementor-top-column elementor-element elementor-element-5ffd739\" data-id=\"5ffd739\" data-element_type=\"column\" data-settings=\"{&quot;background_background&quot;:&quot;classic&quot;}\">\n\t\t\t<div class=\"elementor-widget-wrap elementor-element-populated\">\n\t\t\t\t\t\t<div class=\"elementor-element elementor-element-06e399c elementor-widget elementor-widget-heading\" data-id=\"06e399c\" data-element_type=\"widget\" data-widget_type=\"heading.default\">\n\t\t\t\t<div class=\"elementor-widget-container\">\n\t\t\t\t\t<h2 class=\"elementor-heading-title elementor-size-default\">PRIVACY DEI DATI<\/h2>\t\t\t\t<\/div>\n\t\t\t\t<\/div>\n\t\t\t\t\t<\/div>\n\t\t<\/div>\n\t\t\t\t\t<\/div>\n\t\t<\/section>\n\t\t<div class=\"elementor-element elementor-element-562d93e8 section_px_10px e-flex e-con-boxed e-con e-parent\" data-id=\"562d93e8\" data-element_type=\"container\">\n\t\t\t\t\t<div class=\"e-con-inner\">\n\t\t\t\t<div class=\"elementor-element elementor-element-5bf6071c elementor-widget elementor-widget-text-editor\" data-id=\"5bf6071c\" data-element_type=\"widget\" data-widget_type=\"text-editor.default\">\n\t\t\t\t<div class=\"elementor-widget-container\">\n\t\t\t\t\t\t\t\t\t\n<h4 class=\"p1\">DATI PERSONALI<\/h4>\n<p class=\"p1\">La protezione dei tuoi dati personali \u00e8 di fondamentale importanza per noi. Pertanto, trattiamo i tuoi dati esclusivamente in conformit\u00e0 con le normative di legge (GDPR, Legge sulle Telecomunicazioni del 2003). Nella presente informativa sulla privacy, ti informiamo sugli aspetti pi\u00f9 importanti del trattamento dei dati sul nostro sito web.  <\/p>\n<h4 class=\"p1\">CONTATTACI<\/h4>\n<p class=\"p1\">Se ci contatti tramite un modulo sul sito web o via e-mail, i dati da te forniti saranno conservati per due anni per elaborare la tua richiesta e in caso di domande di follow-up. Non condivideremo questi dati senza il tuo consenso. <\/p>\n<h4 class=\"p1\">CONSERVAZIONE DEI DATI<\/h4>\n<p class=\"p1\">Ti informiamo che, al fine di semplificare la gestione e l&#8217;elaborazione del rapporto contrattuale, il tuo nome, indirizzo e altri dati personali che fornisci tramite la piattaforma saranno conservati. I dati da te forniti sono necessari per l&#8217;esecuzione del contratto o per l&#8217;esecuzione di misure precontrattuali. Senza questi dati, non possiamo concludere il contratto con te &#8230; I dati non saranno trasferiti a terzi, ad eccezione della trasmissione dei dati della carta di credito alle banche\/fornitori di servizi di pagamento incaricati dell&#8217;elaborazione dei pagamenti, alla societ\u00e0 di trasporto\/spedizioniere da noi incaricata della consegna della merce e al nostro consulente fiscale per l&#8217;adempimento dei nostri obblighi fiscali. Dopo la cessazione del rapporto contrattuale, i dati da noi memorizzati verranno cancellati. In caso di conclusione di un contratto, tutti i dati derivanti dal rapporto contrattuale saranno conservati fino alla fine del periodo di conservazione fiscale (7 anni). Il trattamento dei dati avviene sulla base delle disposizioni di legge dell&#8217;articolo 96 (3) TKG e dell&#8217;articolo 6 (1) (a) (consenso) e\/o (b) (necessario per l&#8217;adempimento del contratto) del GDPR.       <\/p>\n<h4 class=\"p1\">COOKIES<\/h4>\n<p class=\"p1\">Il nostro sito web utilizza i cosiddetti cookie, che NON sono personali. Si tratta di piccoli file di testo che vengono memorizzati sul tuo dispositivo con l&#8217;aiuto del tuo browser. Non causano alcun danno. Utilizziamo i cookie per rendere il nostro servizio pi\u00f9 intuitivo. Alcuni cookie rimangono memorizzati sul tuo dispositivo finch\u00e9 non li elimini. Ci consentono di riconoscere il tuo browser alla tua prossima visita. Se non lo desiderate, potete impostare il vostro browser in modo che vi informi sull&#8217;utilizzo dei cookie e li consenta solo in singoli casi. Disattivando i cookie, la funzionalit\u00e0 del nostro sito web potrebbe essere limitata.       <\/p>\n<h4 class=\"p1\">ANALISI WEB<\/h4>\n<p class=\"p1\">Il nostro sito web utilizza le funzioni del servizio di analisi web Google Inc. (&#8220;Google&#8221;), per il quale i dati possono essere trasferiti negli Stati Uniti d&#8217;America. A tal fine, vengono utilizzati cookie non personali, che consentono un&#8217;analisi dell&#8217;utilizzo del sito web da parte dei suoi utenti. Le informazioni generate in questo modo vengono trasmesse al server del provider e l\u00ec memorizzate. Potete impedirlo configurando il vostro browser in modo che i cookie non vengano salvati. Abbiamo stipulato un contratto per l&#8217;elaborazione dei dati degli ordini con il provider.    <\/p>\n<p>In base alla base giuridica del &#8220;legittimo interesse&#8221;, il vostro indirizzo IP viene registrato ma immediatamente pseudonimizzato. Ci\u00f2 significa che \u00e8 possibile solo una localizzazione approssimativa. Il rapporto con il provider di analisi web si basa su una decisione di adeguatezza della Commissione Europea ai sensi del &#8220;Privacy Shield&#8221;. Il trattamento dei dati avviene sulla base delle disposizioni di legge dell&#8217;articolo 96 (3) della Legge sulle Telecomunicazioni (TKG) e dell&#8217;articolo 6 (1) (a) (consenso) e\/o (f) (interesse legittimo) del GDPR. Il nostro obiettivo ai sensi del GDPR (interesse legittimo) \u00e8 migliorare la nostra offerta e il nostro sito web. Poich\u00e9 la privacy dei nostri utenti \u00e8 importante per noi, i dati utente sono pseudonimizzati. I dati utente vengono conservati per un periodo massimo di 6 mesi.      <\/p>\n<h4>NEWSLETTER E NOTIFICHE VIA EMAIL<\/h4>\n<p>Per adempiere a qualsiasi obbligo informativo derivante dal rapporto contrattuale, ti invieremo notifiche via email (ad esempio, relative a prenotazioni effettuate, messaggi, ecc.). Hai anche la possibilit\u00e0 di iscriverti alla nostra newsletter tramite il nostro sito web. A tal fine, abbiamo bisogno del tuo indirizzo email e della tua dichiarazione di consenso a ricevere la newsletter. Per fornirti informazioni mirate, raccogliamo ed elaboriamo anche le informazioni fornite volontariamente. Puoi annullare l&#8217;iscrizione alla newsletter in qualsiasi momento. Si prega di inviare la disdetta al seguente indirizzo e-mail: kontakt@the-loge.com. Provvederemo immediatamente alla cancellazione dei dati relativi all&#8217;invio della newsletter.      <\/p>\n<h4>I SUOI \u200b\u200bDIRITTI<\/h4>\n<p>In generale, ha il diritto di informazione, rettifica, cancellazione, limitazione, portabilit\u00e0 dei dati, revoca e opposizione. Se ritiene che il trattamento dei suoi dati violi la legge sulla protezione dei dati o che i suoi diritti in materia di protezione dei dati siano stati altrimenti violati, pu\u00f2 presentare un reclamo all&#8217;autorit\u00e0 di controllo. In Austria, questa \u00e8 l&#8217;Autorit\u00e0 Garante per la Protezione dei Dati Personali.  <\/p>\n<h4>PU\u00d2 CONTATTARCI AI SEGUENTI DATI DI CONTATTO<\/h4>\n<p>The Loge GmbH<br>Swimming pond Hofst\u00e4dter 8a<br>AT-2353 Guntramsdorf<br>Telefono: +43 676 944 44 81<br>Email: kontakt@the-loge.com<\/p>\t\t\t\t\t\t\t\t<\/div>\n\t\t\t\t<\/div>\n\t\t\t\t\t<\/div>\n\t\t\t\t<\/div>\n\t\t\t\t<\/div>\n\t\t","protected":false},"excerpt":{"rendered":"<p>PRIVACY DEI DATI DATI PERSONALI La protezione dei tuoi dati personali \u00e8 di fondamentale importanza per noi. Pertanto, trattiamo i [&hellip;]<\/p>\n","protected":false},"author":1,"featured_media":0,"parent":0,"menu_order":0,"comment_status":"closed","ping_status":"closed","template":"elementor_header_footer","meta":{"_acf_changed":false,"inline_featured_image":false,"site-sidebar-layout":"default","site-content-layout":"","ast-site-content-layout":"default","site-content-style":"default","site-sidebar-style":"default","ast-global-header-display":"","ast-banner-title-visibility":"","ast-main-header-display":"","ast-hfb-above-header-display":"","ast-hfb-below-header-display":"","ast-hfb-mobile-header-display":"","site-post-title":"","ast-breadcrumbs-content":"","ast-featured-img":"","footer-sml-layout":"","ast-disable-related-posts":"","theme-transparent-header-meta":"default","adv-header-id-meta":"","stick-header-meta":"default","header-above-stick-meta":"","header-main-stick-meta":"","header-below-stick-meta":"","astra-migrate-meta-layouts":"set","ast-page-background-enabled":"default","ast-page-background-meta":{"desktop":{"background-color":"var(--ast-global-color-4)","background-image":"","background-repeat":"repeat","background-position":"center center","background-size":"auto","background-attachment":"scroll","background-type":"","background-media":"","overlay-type":"","overlay-color":"","overlay-opacity":"","overlay-gradient":""},"tablet":{"background-color":"","background-image":"","background-repeat":"repeat","background-position":"center center","background-size":"auto","background-attachment":"scroll","background-type":"","background-media":"","overlay-type":"","overlay-color":"","overlay-opacity":"","overlay-gradient":""},"mobile":{"background-color":"","background-image":"","background-repeat":"repeat","background-position":"center center","background-size":"auto","background-attachment":"scroll","background-type":"","background-media":"","overlay-type":"","overlay-color":"","overlay-opacity":"","overlay-gradient":""}},"ast-content-background-meta":{"desktop":{"background-color":"var(--ast-global-color-5)","background-image":"","background-repeat":"repeat","background-position":"center center","background-size":"auto","background-attachment":"scroll","background-type":"","background-media":"","overlay-type":"","overlay-color":"","overlay-opacity":"","overlay-gradient":""},"tablet":{"background-color":"var(--ast-global-color-5)","background-image":"","background-repeat":"repeat","background-position":"center center","background-size":"auto","background-attachment":"scroll","background-type":"","background-media":"","overlay-type":"","overlay-color":"","overlay-opacity":"","overlay-gradient":""},"mobile":{"background-color":"var(--ast-global-color-5)","background-image":"","background-repeat":"repeat","background-position":"center center","background-size":"auto","background-attachment":"scroll","background-type":"","background-media":"","overlay-type":"","overlay-color":"","overlay-opacity":"","overlay-gradient":""}},"footnotes":""},"class_list":["post-4303","page","type-page","status-publish","hentry"],"acf":[],"yoast_head":"<!-- This site is optimized with the Yoast SEO plugin v27.3 - https:\/\/yoast.com\/product\/yoast-seo-wordpress\/ -->\n<title>PRIVACY DEI DATI - The Loge<\/title>\n<meta name=\"robots\" content=\"noindex, follow, max-snippet:-1, max-image-preview:large, max-video-preview:-1\" \/>\n<meta property=\"og:locale\" content=\"it_IT\" \/>\n<meta property=\"og:type\" content=\"article\" \/>\n<meta property=\"og:title\" content=\"PRIVACY DEI DATI - The Loge\" \/>\n<meta property=\"og:description\" content=\"PRIVACY DEI DATI DATI PERSONALI La protezione dei tuoi dati personali \u00e8 di fondamentale importanza per noi. Pertanto, trattiamo i [&hellip;]\" \/>\n<meta property=\"og:url\" content=\"https:\/\/qa.the-loge.com\/data-privacy\/\" \/>\n<meta property=\"og:site_name\" content=\"The Loge\" \/>\n<meta property=\"article:modified_time\" content=\"2026-01-05T09:03:19+00:00\" \/>\n<meta name=\"twitter:card\" content=\"summary_large_image\" \/>\n<meta name=\"twitter:label1\" content=\"Est. reading time\" \/>\n\t<meta name=\"twitter:data1\" content=\"4 minutes\" \/>\n<script type=\"application\/ld+json\" class=\"yoast-schema-graph\">{\"@context\":\"https:\\\/\\\/schema.org\",\"@graph\":[{\"@type\":\"WebPage\",\"@id\":\"https:\\\/\\\/qa.the-loge.com\\\/data-privacy\\\/\",\"url\":\"https:\\\/\\\/qa.the-loge.com\\\/data-privacy\\\/\",\"name\":\"PRIVACY DEI DATI - The Loge\",\"isPartOf\":{\"@id\":\"https:\\\/\\\/qa.the-loge.com\\\/#website\"},\"datePublished\":\"2025-08-06T06:00:47+00:00\",\"dateModified\":\"2026-01-05T09:03:19+00:00\",\"breadcrumb\":{\"@id\":\"https:\\\/\\\/qa.the-loge.com\\\/data-privacy\\\/#breadcrumb\"},\"inLanguage\":\"it-IT\",\"potentialAction\":[{\"@type\":\"ReadAction\",\"target\":[\"https:\\\/\\\/qa.the-loge.com\\\/data-privacy\\\/\"]}]},{\"@type\":\"BreadcrumbList\",\"@id\":\"https:\\\/\\\/qa.the-loge.com\\\/data-privacy\\\/#breadcrumb\",\"itemListElement\":[{\"@type\":\"ListItem\",\"position\":1,\"name\":\"Home\",\"item\":\"https:\\\/\\\/qa.the-loge.com\\\/\"},{\"@type\":\"ListItem\",\"position\":2,\"name\":\"PRIVACY DEI DATI\"}]},{\"@type\":\"WebSite\",\"@id\":\"https:\\\/\\\/qa.the-loge.com\\\/#website\",\"url\":\"https:\\\/\\\/qa.the-loge.com\\\/\",\"name\":\"The Loge\",\"description\":\"exclusive business &amp; lifestyle network\",\"publisher\":{\"@id\":\"https:\\\/\\\/qa.the-loge.com\\\/#organization\"},\"potentialAction\":[{\"@type\":\"SearchAction\",\"target\":{\"@type\":\"EntryPoint\",\"urlTemplate\":\"https:\\\/\\\/qa.the-loge.com\\\/?s={search_term_string}\"},\"query-input\":{\"@type\":\"PropertyValueSpecification\",\"valueRequired\":true,\"valueName\":\"search_term_string\"}}],\"inLanguage\":\"it-IT\"},{\"@type\":\"Organization\",\"@id\":\"https:\\\/\\\/qa.the-loge.com\\\/#organization\",\"name\":\"The Loge\",\"url\":\"https:\\\/\\\/qa.the-loge.com\\\/\",\"logo\":{\"@type\":\"ImageObject\",\"inLanguage\":\"it-IT\",\"@id\":\"https:\\\/\\\/qa.the-loge.com\\\/#\\\/schema\\\/logo\\\/image\\\/\",\"url\":\"https:\\\/\\\/qa.the-loge.com\\\/wp-content\\\/uploads\\\/2025\\\/08\\\/nav_logo.svg\",\"contentUrl\":\"https:\\\/\\\/qa.the-loge.com\\\/wp-content\\\/uploads\\\/2025\\\/08\\\/nav_logo.svg\",\"width\":110,\"height\":22,\"caption\":\"The Loge\"},\"image\":{\"@id\":\"https:\\\/\\\/qa.the-loge.com\\\/#\\\/schema\\\/logo\\\/image\\\/\"}}]}<\/script>\n<!-- \/ Yoast SEO plugin. -->","yoast_head_json":{"title":"PRIVACY DEI DATI - The Loge","robots":{"index":"noindex","follow":"follow","max-snippet":"max-snippet:-1","max-image-preview":"max-image-preview:large","max-video-preview":"max-video-preview:-1"},"og_locale":"it_IT","og_type":"article","og_title":"PRIVACY DEI DATI - The Loge","og_description":"PRIVACY DEI DATI DATI PERSONALI La protezione dei tuoi dati personali \u00e8 di fondamentale importanza per noi. Pertanto, trattiamo i [&hellip;]","og_url":"https:\/\/qa.the-loge.com\/data-privacy\/","og_site_name":"The Loge","article_modified_time":"2026-01-05T09:03:19+00:00","twitter_card":"summary_large_image","twitter_misc":{"Est. reading time":"4 minutes"},"schema":{"@context":"https:\/\/schema.org","@graph":[{"@type":"WebPage","@id":"https:\/\/qa.the-loge.com\/data-privacy\/","url":"https:\/\/qa.the-loge.com\/data-privacy\/","name":"PRIVACY DEI DATI - The Loge","isPartOf":{"@id":"https:\/\/qa.the-loge.com\/#website"},"datePublished":"2025-08-06T06:00:47+00:00","dateModified":"2026-01-05T09:03:19+00:00","breadcrumb":{"@id":"https:\/\/qa.the-loge.com\/data-privacy\/#breadcrumb"},"inLanguage":"it-IT","potentialAction":[{"@type":"ReadAction","target":["https:\/\/qa.the-loge.com\/data-privacy\/"]}]},{"@type":"BreadcrumbList","@id":"https:\/\/qa.the-loge.com\/data-privacy\/#breadcrumb","itemListElement":[{"@type":"ListItem","position":1,"name":"Home","item":"https:\/\/qa.the-loge.com\/"},{"@type":"ListItem","position":2,"name":"PRIVACY DEI DATI"}]},{"@type":"WebSite","@id":"https:\/\/qa.the-loge.com\/#website","url":"https:\/\/qa.the-loge.com\/","name":"The Loge","description":"exclusive business &amp; lifestyle network","publisher":{"@id":"https:\/\/qa.the-loge.com\/#organization"},"potentialAction":[{"@type":"SearchAction","target":{"@type":"EntryPoint","urlTemplate":"https:\/\/qa.the-loge.com\/?s={search_term_string}"},"query-input":{"@type":"PropertyValueSpecification","valueRequired":true,"valueName":"search_term_string"}}],"inLanguage":"it-IT"},{"@type":"Organization","@id":"https:\/\/qa.the-loge.com\/#organization","name":"The Loge","url":"https:\/\/qa.the-loge.com\/","logo":{"@type":"ImageObject","inLanguage":"it-IT","@id":"https:\/\/qa.the-loge.com\/#\/schema\/logo\/image\/","url":"https:\/\/qa.the-loge.com\/wp-content\/uploads\/2025\/08\/nav_logo.svg","contentUrl":"https:\/\/qa.the-loge.com\/wp-content\/uploads\/2025\/08\/nav_logo.svg","width":110,"height":22,"caption":"The Loge"},"image":{"@id":"https:\/\/qa.the-loge.com\/#\/schema\/logo\/image\/"}}]}},"_links":{"self":[{"href":"https:\/\/qa.the-loge.com\/it\/wp-json\/wp\/v2\/pages\/4303","targetHints":{"allow":["GET"]}}],"collection":[{"href":"https:\/\/qa.the-loge.com\/it\/wp-json\/wp\/v2\/pages"}],"about":[{"href":"https:\/\/qa.the-loge.com\/it\/wp-json\/wp\/v2\/types\/page"}],"author":[{"embeddable":true,"href":"https:\/\/qa.the-loge.com\/it\/wp-json\/wp\/v2\/users\/1"}],"replies":[{"embeddable":true,"href":"https:\/\/qa.the-loge.com\/it\/wp-json\/wp\/v2\/comments?post=4303"}],"version-history":[{"count":0,"href":"https:\/\/qa.the-loge.com\/it\/wp-json\/wp\/v2\/pages\/4303\/revisions"}],"wp:attachment":[{"href":"https:\/\/qa.the-loge.com\/it\/wp-json\/wp\/v2\/media?parent=4303"}],"curies":[{"name":"wp","href":"https:\/\/api.w.org\/{rel}","templated":true}]}}